{"id":369,"date":"2026-05-11T20:17:52","date_gmt":"2026-05-11T20:17:52","guid":{"rendered":"https:\/\/hasefer.ro\/?page_id=369"},"modified":"2026-05-11T20:17:52","modified_gmt":"2026-05-11T20:17:52","slug":"unde-ne-gasiti","status":"publish","type":"page","link":"https:\/\/hasefer.ro\/?page_id=369","title":{"rendered":"Unde ne g\u0103si\u021bi"},"content":{"rendered":"\n<p><strong>Biblioteci partenere<\/strong><\/p>\n\n\n\n<p>Biblioteca Na\u021bional\u0103 a Rom\u00e2niei<\/p>\n\n\n\n<p>Biblioteca Academiei Rom\u00e2ne<\/p>\n\n\n\n<p>Biblioteca Na\u021bional\u0103 a Republicii Moldova<\/p>\n\n\n\n<p>Jewish National and University Library<\/p>\n\n\n\n<p>Center for Research on Romanian Jewry \u2013 Hebrew University of Jerusalem<\/p>\n\n\n\n<p>United States Holocaust Memorial Museum, Washington<\/p>\n\n\n\n<p>Institutul Na\u021bional pentru Studierea Holocaustului din Rom\u00e2nia \u201eElie Wiesel\u201d<\/p>\n\n\n\n<p>Biblioteca Jude\u021bean\u0103 \u201eLucian Blaga\u201d Alba Iulia<\/p>\n\n\n\n<p>Biblioteca Jude\u0163ean\u0103 \u201eGheorghe \u015eincai\u201d Oradea<\/p>\n\n\n\n<p>Biblioteca \u201eDr. Alexandru \u0218afran\u201d<\/p>\n\n\n\n<p>Biblioteca Centrului Reziden\u021bial \u201eAmalia \u015fi \u015eef Rabin Dr. Moses Rosen\u201d &nbsp;<\/p>\n\n\n\n<p>Institutul Cultural Rom\u00e2n<\/p>\n\n\n\n<p>Bibliotecile din Comunit\u0103\u021bile evreie\u0219ti din Rom\u00e2nia<\/p>\n\n\n\n<p><strong>Libr\u0103rii partenere<\/strong><\/p>\n\n\n\n<p>SC Casa C\u0103r\u021bii SRL \u2013 Oradea, Str. Decebal, nr. 4, tel. 0359.800.333<\/p>\n\n\n\n<p>SC Kerigma SRL \u2013 Oradea, Str. Mihai Viteazu, nr. 2, tel. 0359.800.174<\/p>\n\n\n\n<p>SC Editura Isaharus SRL \u2013 Huedin, Str. Salc\u00e2mului, nr. 24, tel. 0740.905.857<\/p>\n\n\n\n<p>Muzeul Maramure\u0219an \u2013 Sighetu Marma\u021biei, P-\u021ba Libert\u0103\u021bii, nr. 15, tel. 0262.311.521<\/p>\n\n\n\n<p>Oradea Heritage \u2013 Funda\u021bia de Protejare a Monumentelor Istorice din Jude\u021bul Bihor \u2013 Oradea, Str. Iosif Vulcan, nr. 11, tel. 0259.437.000<\/p>\n\n\n\n<p>SC Editura Sigma SRL \u2013 Bucure\u0219ti, Str. General Berthelot, nr. 38, tel. 0213.153.970<\/p>\n\n\n\n<p>SC Bibliostar SRL (fosta Eminescu) \u2013 Bucure\u0219ti, Bd. Regina Elisabeta, nr. 16, tel. 0213.142.383<\/p>\n\n\n\n<p>SC Supergraph SRL \u2013 Bucure\u0219ti, Str. Ion Minulescu, nr. 36, tel. 0213.191.083<\/p>\n\n\n\n<p>SC Derex Com SRL \u2013 Bucure\u0219ti, Aleea \u021aebea, nr. 28, bl. 101, tel. 0213.137.157<\/p>\n\n\n\n<p>SC Sedcom Libris SA \u2013 Ia\u0219i, Str. Moara de Foc, nr. 4, tel. 0232.233.080<\/p>\n\n\n\n<p>Funda\u021bia Fiicele Sf\u00e2ntului Paul \u2013 Bucure\u0219ti, Str. \u0218tefan Negulescu, nr. 18, tel. 0312.35.51<\/p>\n","protected":false},"excerpt":{"rendered":"<p>Biblioteci partenere Biblioteca Na\u021bional\u0103 a Rom\u00e2niei Biblioteca Academiei Rom\u00e2ne Biblioteca Na\u021bional\u0103 a Republicii Moldova Jewish National and University Library Center for Research on Romanian Jewry \u2013 Hebrew University of Jerusalem United States Holocaust Memorial Museum, Washington Institutul Na\u021bional pentru Studierea Holocaustului din Rom\u00e2nia \u201eElie Wiesel\u201d Biblioteca Jude\u021bean\u0103 \u201eLucian Blaga\u201d Alba Iulia Biblioteca Jude\u0163ean\u0103 \u201eGheorghe \u015eincai\u201d&#8230;<\/p>\n","protected":false},"author":1,"featured_media":0,"parent":0,"menu_order":0,"comment_status":"closed","ping_status":"closed","template":"","meta":{"_kad_post_transparent":"","_kad_post_title":"","_kad_post_layout":"","_kad_post_sidebar_id":"","_kad_post_content_style":"","_kad_post_vertical_padding":"","_kad_post_feature":"","_kad_post_feature_position":"","_kad_post_header":false,"_kad_post_footer":false,"_kad_post_classname":"","footnotes":""},"class_list":["post-369","page","type-page","status-publish","hentry"],"_links":{"self":[{"href":"https:\/\/hasefer.ro\/index.php?rest_route=\/wp\/v2\/pages\/369","targetHints":{"allow":["GET"]}}],"collection":[{"href":"https:\/\/hasefer.ro\/index.php?rest_route=\/wp\/v2\/pages"}],"about":[{"href":"https:\/\/hasefer.ro\/index.php?rest_route=\/wp\/v2\/types\/page"}],"author":[{"embeddable":true,"href":"https:\/\/hasefer.ro\/index.php?rest_route=\/wp\/v2\/users\/1"}],"replies":[{"embeddable":true,"href":"https:\/\/hasefer.ro\/index.php?rest_route=%2Fwp%2Fv2%2Fcomments&post=369"}],"version-history":[{"count":1,"href":"https:\/\/hasefer.ro\/index.php?rest_route=\/wp\/v2\/pages\/369\/revisions"}],"predecessor-version":[{"id":370,"href":"https:\/\/hasefer.ro\/index.php?rest_route=\/wp\/v2\/pages\/369\/revisions\/370"}],"wp:attachment":[{"href":"https:\/\/hasefer.ro\/index.php?rest_route=%2Fwp%2Fv2%2Fmedia&parent=369"}],"curies":[{"name":"wp","href":"https:\/\/api.w.org\/{rel}","templated":true}]}}